{"id":10,"date":"2026-01-28T01:08:04","date_gmt":"2026-01-28T01:08:04","guid":{"rendered":"https:\/\/huydz.io.vn\/?page_id=10"},"modified":"2026-01-28T01:08:04","modified_gmt":"2026-01-28T01:08:04","slug":"thoi-trang-nam-nu","status":"publish","type":"page","link":"https:\/\/huydz.io.vn\/?page_id=10","title":{"rendered":"th\u1eddi trang nam n\u1eef"},"content":{"rendered":"\n<p>Th\u1eddi trang l\u00e0 m\u1ed9t ph\u1ea7n quan tr\u1ecdng trong \u0111\u1eddi s\u1ed1ng hi\u1ec7n \u0111\u1ea1i, kh\u00f4ng ch\u1ec9 gi\u00fap con ng\u01b0\u1eddi b\u1ea3o v\u1ec7 c\u01a1 th\u1ec3 m\u00e0 c\u00f2n th\u1ec3 hi\u1ec7n c\u00e1 t\u00ednh, s\u1edf th\u00edch v\u00e0 phong c\u00e1ch s\u1ed1ng. Trong \u0111\u00f3, th\u1eddi trang nam v\u00e0 n\u1eef lu\u00f4n l\u00e0 hai l\u0129nh v\u1ef1c ph\u00e1t tri\u1ec3n m\u1ea1nh m\u1ebd v\u1edbi nhi\u1ec1u s\u1ef1 kh\u00e1c bi\u1ec7t th\u00fa v\u1ecb, \u0111\u1ed3ng th\u1eddi c\u0169ng li\u00ean t\u1ee5c giao thoa theo c\u00e1c xu h\u01b0\u1edbng m\u1edbi.<\/p>\n\n\n\n<p>\u0110\u1ed1i v\u1edbi th\u1eddi trang nam, s\u1ef1 \u0111\u01a1n gi\u1ea3n v\u00e0 ti\u1ec7n d\u1ee5ng th\u01b0\u1eddng \u0111\u01b0\u1ee3c \u01b0u ti\u00ean h\u00e0ng \u0111\u1ea7u. Nam gi\u1edbi c\u00f3 xu h\u01b0\u1edbng l\u1ef1a ch\u1ecdn nh\u1eefng trang ph\u1ee5c c\u00f3 phom d\u00e1ng g\u1ecdn g\u00e0ng, d\u1ec5 ph\u1ed1i v\u00e0 s\u1eed d\u1ee5ng trong nhi\u1ec1u ho\u00e0n c\u1ea3nh kh\u00e1c nhau. \u00c1o ph\u00f4ng, qu\u1ea7n jean, s\u01a1 mi, \u00e1o kho\u00e1c, suit hay gi\u00e0y sneakers l\u00e0 nh\u1eefng item ph\u1ed5 bi\u1ebfn v\u00e0 g\u1ea7n nh\u01b0 xu\u1ea5t hi\u1ec7n trong t\u1ee7 \u0111\u1ed3 c\u1ee7a h\u1ea7u h\u1ebft nam gi\u1edbi. B\u00ean c\u1ea1nh \u0111\u00f3, phong c\u00e1ch smart-casual v\u00e0 streetwear c\u0169ng ng\u00e0y c\u00e0ng tr\u1edf n\u00ean th\u1ecbnh h\u00e0nh khi mang l\u1ea1i s\u1ef1 c\u00e2n b\u1eb1ng gi\u1eefa t\u00ednh l\u1ecbch s\u1ef1 v\u00e0 s\u1ef1 tho\u1ea3i m\u00e1i. M\u1eb7c d\u00f9 th\u1eddi trang nam kh\u00f4ng thay \u0111\u1ed5i qu\u00e1 nhanh theo m\u00f9a nh\u01b0 th\u1eddi trang n\u1eef, nh\u01b0ng v\u1eabn c\u00f3 nh\u1eefng xu h\u01b0\u1edbng n\u1ed5i b\u1eadt nh\u01b0 unisex, t\u1ed1i gi\u1ea3n hay athleisure \u1ea3nh h\u01b0\u1edfng m\u1ea1nh \u0111\u1ebfn l\u1ef1a ch\u1ecdn c\u1ee7a nam gi\u1edbi tr\u1ebb hi\u1ec7n nay.<\/p>\n\n\n\n<p>Trong khi \u0111\u00f3, th\u1eddi trang n\u1eef l\u1ea1i mang t\u00ednh \u0111a d\u1ea1ng v\u00e0 bi\u1ebfn h\u00f3a h\u01a1n nhi\u1ec1u. Ph\u00e1i n\u1eef ch\u00fa tr\u1ecdng \u0111\u1ebfn m\u00e0u s\u1eafc, ki\u1ec3u d\u00e1ng, ch\u1ea5t li\u1ec7u v\u00e0 kh\u1ea3 n\u0103ng t\u00f4n vinh v\u00f3c d\u00e1ng. V\u00e1y, \u00e1o ki\u1ec3u, \u0111\u1ea7m, ch\u00e2n v\u00e1y, gi\u00e0y cao g\u00f3t hay t\u00fai x\u00e1ch l\u00e0 nh\u1eefng m\u00f3n \u0111\u1ed3 kh\u00f4ng th\u1ec3 thi\u1ebfu v\u00e0 c\u00f3 th\u1ec3 thay \u0111\u1ed5i theo m\u00f9a, theo tr\u00e0o l\u01b0u v\u00e0 theo s\u1edf th\u00edch c\u00e1 nh\u00e2n. Th\u1eddi trang n\u1eef kh\u00f4ng ch\u1ec9 ph\u1ea3n \u00e1nh c\u00e1 t\u00ednh m\u00e0 c\u00f2n th\u1ec3 hi\u1ec7n s\u1ef1 tinh t\u1ebf v\u00e0 s\u00e1ng t\u1ea1o. M\u1ed9t \u0111\u1eb7c \u0111i\u1ec3m n\u1ed5i b\u1eadt l\u00e0 xu h\u01b0\u1edbng th\u1eddi trang n\u1eef th\u01b0\u1eddng thay \u0111\u1ed5i r\u1ea5t nhanh, ch\u1ecbu \u1ea3nh h\u01b0\u1edfng m\u1ea1nh t\u1eeb c\u00e1c nh\u00e0 thi\u1ebft k\u1ebf, th\u01b0\u01a1ng hi\u1ec7u, ng\u01b0\u1eddi n\u1ed5i ti\u1ebfng, s\u00e0n di\u1ec5n th\u1eddi trang v\u00e0 m\u1ea1ng x\u00e3 h\u1ed9i.<\/p>\n\n\n\n<p>D\u00f9 c\u00f3 nhi\u1ec1u \u0111i\u1ec3m kh\u00e1c bi\u1ec7t, th\u1eddi trang nam v\u00e0 n\u1eef hi\u1ec7n nay l\u1ea1i \u0111ang c\u00f3 xu h\u01b0\u1edbng h\u1ed9i t\u1ee5 th\u00f4ng qua phong c\u00e1ch unisex \u2013 trang ph\u1ee5c mang t\u00ednh trung t\u00ednh, ph\u00f9 h\u1ee3p cho c\u1ea3 hai gi\u1edbi. Nhi\u1ec1u th\u01b0\u01a1ng hi\u1ec7u \u0111\u00e3 ph\u00e1t tri\u1ec3n d\u00f2ng s\u1ea3n ph\u1ea9m phi gi\u1edbi t\u00ednh nh\u1eb1m \u0111\u00e1p \u1ee9ng nhu c\u1ea7u t\u1ef1 do th\u1ec3 hi\u1ec7n b\u1ea3n th\u00e2n c\u1ee7a th\u1ebf h\u1ec7 tr\u1ebb. \u0110\u1ed3ng th\u1eddi, y\u1ebfu t\u1ed1 b\u1ec1n v\u1eefng v\u00e0 th\u00e2n thi\u1ec7n m\u00f4i tr\u01b0\u1eddng c\u0169ng ng\u00e0y c\u00e0ng \u0111\u01b0\u1ee3c quan t\u00e2m trong c\u1ea3 hai l\u0129nh v\u1ef1c, khi ng\u01b0\u1eddi ti\u00eau d\u00f9ng h\u01b0\u1edbng \u0111\u1ebfn nh\u1eefng s\u1ea3n ph\u1ea9m c\u00f3 ch\u1ea5t l\u01b0\u1ee3ng t\u1ed1t, s\u1eed d\u1ee5ng l\u00e2u d\u00e0i v\u00e0 h\u1ea1n ch\u1ebf l\u00e3ng ph\u00ed<\/p>\n\n\n\n<p>Nh\u01b0 v\u1eady, th\u1eddi trang nam n\u1eef kh\u00f4ng ch\u1ec9 l\u00e0 v\u1ea5n \u0111\u1ec1 \u0103n m\u1eb7c m\u00e0 c\u00f2n l\u00e0 m\u1ed9t h\u00ecnh th\u1ee9c giao ti\u1ebfp kh\u00f4ng l\u1eddi, truy\u1ec1n t\u1ea3i th\u00f4ng \u0111i\u1ec7p v\u1ec1 con ng\u01b0\u1eddi, gu th\u1ea9m m\u1ef9 v\u00e0 v\u1ecb th\u1ebf x\u00e3 h\u1ed9i. V\u1edbi s\u1ef1 ph\u00e1t tri\u1ec3n kh\u00f4ng ng\u1eebng c\u1ee7a v\u0103n h\u00f3a, c\u00f4ng ngh\u1ec7 v\u00e0 xu h\u01b0\u1edbng to\u00e0n c\u1ea7u, th\u1eddi trang s\u1ebd ti\u1ebfp t\u1ee5c thay \u0111\u1ed5i v\u00e0 m\u1edf ra nhi\u1ec1u c\u01a1 h\u1ed9i s\u00e1ng t\u1ea1o m\u1edbi cho c\u1ea3 nam l\u1eabn n\u1eef trong t\u01b0\u01a1ng lai.<\/p>\n","protected":false},"excerpt":{"rendered":"<p>Th\u1eddi trang l\u00e0 m\u1ed9t ph\u1ea7n quan tr\u1ecdng trong \u0111\u1eddi s\u1ed1ng hi\u1ec7n \u0111\u1ea1i, kh\u00f4ng ch\u1ec9 gi\u00fap con ng\u01b0\u1eddi b\u1ea3o v\u1ec7 c\u01a1 th\u1ec3 m\u00e0 c\u00f2n th\u1ec3 hi\u1ec7n c\u00e1 t\u00ednh, s\u1edf th\u00edch v\u00e0 phong c\u00e1ch s\u1ed1ng. Trong \u0111\u00f3, th\u1eddi trang nam v\u00e0 n\u1eef lu\u00f4n l\u00e0 hai l\u0129nh v\u1ef1c ph\u00e1t tri\u1ec3n m\u1ea1nh m\u1ebd v\u1edbi nhi\u1ec1u s\u1ef1 kh\u00e1c bi\u1ec7t th\u00fa [&hellip;]<\/p>\n","protected":false},"author":1,"featured_media":0,"parent":0,"menu_order":0,"comment_status":"closed","ping_status":"closed","template":"","meta":{"footnotes":""},"class_list":["post-10","page","type-page","status-publish","hentry"],"_links":{"self":[{"href":"https:\/\/huydz.io.vn\/index.php?rest_route=\/wp\/v2\/pages\/10","targetHints":{"allow":["GET"]}}],"collection":[{"href":"https:\/\/huydz.io.vn\/index.php?rest_route=\/wp\/v2\/pages"}],"about":[{"href":"https:\/\/huydz.io.vn\/index.php?rest_route=\/wp\/v2\/types\/page"}],"author":[{"embeddable":true,"href":"https:\/\/huydz.io.vn\/index.php?rest_route=\/wp\/v2\/users\/1"}],"replies":[{"embeddable":true,"href":"https:\/\/huydz.io.vn\/index.php?rest_route=%2Fwp%2Fv2%2Fcomments&post=10"}],"version-history":[{"count":2,"href":"https:\/\/huydz.io.vn\/index.php?rest_route=\/wp\/v2\/pages\/10\/revisions"}],"predecessor-version":[{"id":14,"href":"https:\/\/huydz.io.vn\/index.php?rest_route=\/wp\/v2\/pages\/10\/revisions\/14"}],"wp:attachment":[{"href":"https:\/\/huydz.io.vn\/index.php?rest_route=%2Fwp%2Fv2%2Fmedia&parent=10"}],"curies":[{"name":"wp","href":"https:\/\/api.w.org\/{rel}","templated":true}]}}